{"id":164,"date":"2021-08-26T16:36:30","date_gmt":"2021-08-26T14:36:30","guid":{"rendered":"https:\/\/nooddis.fr\/?page_id=164"},"modified":"2023-01-04T16:58:00","modified_gmt":"2023-01-04T15:58:00","slug":"confidencialidade","status":"publish","type":"page","link":"https:\/\/nooddis.fr\/pt\/confidencialidade\/","title":{"rendered":"Confidencialidade"},"content":{"rendered":"<div data-elementor-type=\"wp-page\" data-elementor-id=\"164\" class=\"elementor elementor-164\" data-elementor-post-type=\"page\">\n\t\t\t\t\t\t<section class=\"elementor-section elementor-top-section elementor-element elementor-element-0329ff7 elementor-section-boxed elementor-section-height-default elementor-section-height-default\" data-id=\"0329ff7\" data-element_type=\"section\" data-e-type=\"section\">\n\t\t\t\t\t\t<div class=\"elementor-container elementor-column-gap-default\">\n\t\t\t\t\t<div class=\"elementor-column elementor-col-100 elementor-top-column elementor-element elementor-element-e6daa79\" data-id=\"e6daa79\" data-element_type=\"column\" data-e-type=\"column\">\n\t\t\t<div class=\"elementor-widget-wrap elementor-element-populated\">\n\t\t\t\t\t\t<div class=\"elementor-element elementor-element-54727b6 elementor-widget elementor-widget-text-editor\" data-id=\"54727b6\" data-element_type=\"widget\" data-e-type=\"widget\" data-widget_type=\"text-editor.default\">\n\t\t\t\t<div class=\"elementor-widget-container\">\n\t\t\t\t\t\t\t\t\t<h2>Recolha de informa\u00e7\u00f5es pessoais<\/h2>\n<p>Recolhemos as seguintes informa\u00e7\u00f5es:&nbsp;<\/p>\n<ul>\n<li>Nome<\/li>\n<li>Endere\u00e7o postal<\/li>\n<li>Endere\u00e7o eletr\u00f3nico<\/li>\n<li>N\u00famero de telefone&nbsp;<\/li>\n<\/ul>\n<p>As informa\u00e7\u00f5es pessoais que recolhemos s\u00e3o recolhidas atrav\u00e9s de formul\u00e1rios e da interatividade estabelecida entre o utilizador e o nosso s\u00edtio Web. Como indicado na sec\u00e7\u00e3o seguinte, tamb\u00e9m utilizamos cookies e\/ou ficheiros de registo para recolher informa\u00e7\u00f5es sobre o utilizador.<\/p>\n<h2>Formas e interatividade:<\/h2>\n<p>As suas informa\u00e7\u00f5es pessoais s\u00e3o recolhidas atrav\u00e9s de um formul\u00e1rio.&nbsp;<span style=\"color: var( --e-global-color-text ); font-family: var( --e-global-typography-text-font-family ), Sans-serif; font-size: var( --e-global-typography-text-font-size ); font-style: var( --e-global-typography-text-font-style ); font-weight: var( --e-global-typography-text-font-weight ); text-transform: var( --e-global-typography-text-text-transform );\">Utilizamos as informa\u00e7\u00f5es recolhidas para os seguintes fins:<\/span><\/p>\n<ul>\n<li>Contacto<\/li>\n<li>Informa\u00e7\u00f5es sobre o produto<\/li>\n<li>Not\u00edcias<\/li>\n<\/ul>\n<p><span style=\"color: var( --e-global-color-primary ); font-family: var( --e-global-typography-secondary-font-family ), Sans-serif; font-size: var( --e-global-typography-secondary-font-size ); font-style: var( --e-global-typography-secondary-font-style ); font-weight: var( --e-global-typography-secondary-font-weight ); text-transform: var( --e-global-typography-secondary-text-transform );\"><br><\/span><\/p>\n<p><span style=\"color: var( --e-global-color-primary ); font-family: var( --e-global-typography-secondary-font-family ), Sans-serif; font-size: var( --e-global-typography-secondary-font-size ); font-style: var( --e-global-typography-secondary-font-style ); font-weight: var( --e-global-typography-secondary-font-weight ); text-transform: var( --e-global-typography-secondary-text-transform );\">Biscoitos<\/span><br><\/p>\n<h3>O que \u00e9 uma bolacha?<\/h3>\n<p>Os cookies s\u00e3o pequenos ficheiros de texto que s\u00e3o instalados no seu computador ou dispositivo quando visita os nossos s\u00edtios Web.<\/p>\n<h3>Objetivo dos cookies<\/h3>\n<p>Utilizamos cookies para tornar as suas visitas aos nossos s\u00edtios mais eficientes. Os cookies tamb\u00e9m nos permitem melhorar a navega\u00e7\u00e3o nos nossos s\u00edtios e compreender o seu comportamento.<\/p>\n<h3>A nossa utiliza\u00e7\u00e3o de cookies<\/h3>\n<p>Utilizamos cookies para :<\/p>\n<p>- Memorizar as suas prefer\u00eancias de navega\u00e7\u00e3o, como o idioma, o tamanho do tipo de letra, a apresenta\u00e7\u00e3o da p\u00e1gina ou as cores preferidas. Tudo isto para lhe permitir navegar no nosso s\u00edtio mais r\u00e1pida e facilmente.<\/p>\n<p>- Recolher informa\u00e7\u00f5es anal\u00edticas para, por exemplo, contar o n\u00famero de visitantes dos nossos s\u00edtios Web e identificar as p\u00e1ginas dos nossos s\u00edtios que o utilizador visita com mais frequ\u00eancia. Utilizamos os dados anal\u00edticos que recolhemos para fins de marketing e planeamento de recursos.<\/p>\n<p><span style=\"color: var( --e-global-color-accent ); font-family: Righteous, sans-serif; font-size: 20px; text-transform: uppercase;\"><br><\/span><\/p>\n<p><span style=\"color: var( --e-global-color-accent ); font-family: Righteous, sans-serif; font-size: 20px; text-transform: uppercase;\">Informa\u00e7\u00f5es recolhidas atrav\u00e9s de cookies<\/span><br><\/p>\n<p>Os cookies ajudam-nos a recolher informa\u00e7\u00f5es sobre a forma como o utilizador utiliza o nosso s\u00edtio Web, mas n\u00e3o armazenamos quaisquer informa\u00e7\u00f5es pessoais identific\u00e1veis sobre o utilizador nos nossos dados de cookies. Apenas registamos um identificador de sess\u00e3o \u00fanico que nos ajudar\u00e1 a recuperar um perfil de utilizador e as suas prefer\u00eancias na pr\u00f3xima vez que nos visitar.<\/p>\n<h3><span style=\"color: var( --e-global-color-accent );\">Tipos de cookies<\/span><br><\/h3>\n<p>- Cookies de sess\u00e3o: os cookies deste tipo s\u00e3o armazenados temporariamente no seu computador ou dispositivo durante uma sess\u00e3o de navega\u00e7\u00e3o. S\u00e3o eliminados do seu computador ou dispositivo no final da sess\u00e3o de navega\u00e7\u00e3o.<\/p>\n<p>- Cookies permanentes: os cookies deste tipo permanecem no seu computador durante mais tempo. Os cookies permanentes ajudam-nos a reconhec\u00ea-lo quando precisamos de saber quem \u00e9 o utilizador durante mais do que uma sess\u00e3o de navega\u00e7\u00e3o.<\/p>\n<h3>Gest\u00e3o de cookies<\/h3>\n<p>O menu da maioria dos navegadores inclui op\u00e7\u00f5es que permitem gerir os cookies, ajustando ou configurando as suas defini\u00e7\u00f5es de cookies. Geralmente, o navegador oferece-lhe a possibilidade de :<\/p>\n<p>- mostrar os seus cookies;<\/p>\n<p>- permitir cookies;<\/p>\n<p>- desativar todos os cookies ou apenas cookies espec\u00edficos;<\/p>\n<p>- desativar todos os cookies quando fechar o seu browser;<\/p>\n<p>- bloquear cookies;<\/p>\n<p>- para ser informado quando receber um cookie.<\/p>\n<p>Tenha em aten\u00e7\u00e3o que, se optar por bloquear os nossos cookies, a maior parte da funcionalidade deste s\u00edtio ser\u00e1 desactivada e a sua navega\u00e7\u00e3o poder\u00e1 tamb\u00e9m ser afetada. Se configurar as op\u00e7\u00f5es do seu browser para apagar todos os cookies, as suas prefer\u00eancias de navega\u00e7\u00e3o ser\u00e3o apagadas quando fechar o browser.<\/p>\n<p>Note-se que, a menos que tenha definido os par\u00e2metros do seu navegador para recusar cookies, o nosso sistema emitir\u00e1 cookies assim que visitar um dos nossos s\u00edtios.<\/p>\n<h3>Mais informa\u00e7\u00f5es sobre cookies<\/h3>\n<p>Para saber mais sobre cookies, consulte a p\u00e1gina da CNIL:<\/p>\n<p><a href=\"https:\/\/www.cnil.fr\/vos-libertes\/vos-traces\/les-cookies\/\" rel=\"nofollow noopener\" target=\"_blank\">https:\/\/www.cnil.fr\/vos-libertes\/vos-traces\/les-cookies\/<\/a><\/p>\n<h2>Direito de obje\u00e7\u00e3o e de retirada<\/h2>\n<p>Comprometemo-nos a oferecer-lhe o direito de se opor \u00e0s suas informa\u00e7\u00f5es pessoais e de as retirar.<br>O direito de oposi\u00e7\u00e3o \u00e9 entendido como a possibilidade oferecida aos utilizadores da Internet de recusarem que as suas informa\u00e7\u00f5es pessoais sejam utilizadas para determinados fins mencionados no momento da recolha.<\/p>\n<p>O direito de rescis\u00e3o \u00e9 entendido como a possibilidade oferecida aos utilizadores da Internet de solicitarem que as suas informa\u00e7\u00f5es pessoais deixem de figurar, por exemplo, numa lista de endere\u00e7os.<\/p>\n<p>Para exercer estes direitos, escreva-nos para<\/p>\n<p>NOODDIS<\/p>\n<p><\/p>\n<p>ZAC des Malettes<\/p>\n<p>574 Rue du Chat Bott\u00e9<\/p>\n<p>01700 Beynost<\/p>\n<p><\/p>\n<p><span style=\"color: var( --e-global-color-primary ); font-family: var( --e-global-typography-secondary-font-family ), Sans-serif; font-size: var( --e-global-typography-secondary-font-size ); font-style: var( --e-global-typography-secondary-font-style ); font-weight: var( --e-global-typography-secondary-font-weight ); text-transform: var( --e-global-typography-secondary-text-transform );\"><br><\/span><\/p>\n<p><span style=\"color: var( --e-global-color-primary ); font-family: var( --e-global-typography-secondary-font-family ), Sans-serif; font-size: var( --e-global-typography-secondary-font-size ); font-style: var( --e-global-typography-secondary-font-style ); font-weight: var( --e-global-typography-secondary-font-weight ); text-transform: var( --e-global-typography-secondary-text-transform );\">Direito de acesso<\/span><br><\/p>\n<p>Comprometemo-nos a conceder um direito de acesso e de retifica\u00e7\u00e3o \u00e0s pessoas interessadas que desejem consultar, alterar ou suprimir as informa\u00e7\u00f5es que lhes dizem respeito.<br>Para exercer este direito, contactar :<\/p>\n<p>NOODDIS<\/p>\n<p>ZAC des Malettes<\/p>\n<p>574 Rue du Chat Bott\u00e9<\/p>\n<p>01700 Beynost<\/p>\n<p><\/p>\n<p><span style=\"color: var( --e-global-color-primary ); font-family: var( --e-global-typography-secondary-font-family ), Sans-serif; font-size: var( --e-global-typography-secondary-font-size ); font-style: var( --e-global-typography-secondary-font-style ); font-weight: var( --e-global-typography-secondary-font-weight ); text-transform: var( --e-global-typography-secondary-text-transform );\"><br><\/span><\/p>\n<p><span style=\"color: var( --e-global-color-primary ); font-family: var( --e-global-typography-secondary-font-family ), Sans-serif; font-size: var( --e-global-typography-secondary-font-size ); font-style: var( --e-global-typography-secondary-font-style ); font-weight: var( --e-global-typography-secondary-font-weight ); text-transform: var( --e-global-typography-secondary-text-transform );\">Seguran\u00e7a<\/span><br><\/p>\n<p>As informa\u00e7\u00f5es pessoais que recolhemos s\u00e3o mantidas num ambiente seguro. As pessoas que trabalham para n\u00f3s s\u00e3o obrigadas a respeitar a confidencialidade das suas informa\u00e7\u00f5es.<br>Para garantir a seguran\u00e7a das suas informa\u00e7\u00f5es pessoais, utilizamos as seguintes medidas:<\/p>\n<ul>\n<li>Protocolo SSL (Secure Sockets Layer)<\/li>\n<li>Gest\u00e3o do acesso - pessoa autorizada<\/li>\n<li><span style=\"background-color: transparent; color: var( --e-global-color-text ); font-family: var( --e-global-typography-text-font-family ), Sans-serif; font-style: var( --e-global-typography-text-font-style ); font-weight: var( --e-global-typography-text-font-weight ); text-transform: var( --e-global-typography-text-text-transform );\">C\u00f3pia de seguran\u00e7a do computador<\/span><br><\/li>\n<li>Nome de utilizador \/ palavra-passe<\/li>\n<li>Firewalls<\/li>\n<\/ul>\n<p>Estamos empenhados em manter um elevado n\u00edvel de confidencialidade, incorporando as mais recentes inova\u00e7\u00f5es tecnol\u00f3gicas para garantir a confidencialidade das suas transac\u00e7\u00f5es. No entanto, como nenhum mecanismo oferece seguran\u00e7a m\u00e1xima, existe sempre um elemento de risco quando se utiliza a Internet para transmitir informa\u00e7\u00f5es pessoais.<\/p>\t\t\t\t\t\t\t\t<\/div>\n\t\t\t\t<\/div>\n\t\t\t\t\t<\/div>\n\t\t<\/div>\n\t\t\t\t\t<\/div>\n\t\t<\/section>\n\t\t\t\t<\/div>","protected":false},"excerpt":{"rendered":"<p><a class='excerpt-link' href='https:\/\/nooddis.fr\/pt\/confidencialidade\/' >Collecte des renseignements personnels Nous collectons les renseignements suivants :&nbsp; Nom Adresse postale Adresse \u00e9lectronique Num\u00e9ro de t\u00e9l\u00e9phone&nbsp; Les renseignements personnels que nous collectons sont recueillis au travers de formulaires et gr\u00e2ce \u00e0 l\u2019interactivit\u00e9 \u00e9tablie entre vous et notre site Web. Nous utilisons \u00e9galement, comme indiqu\u00e9 dans la section suivante, des fichiers t\u00e9moins et\/ou journaux [&hellip;]<\/a><\/p>\n","protected":false},"author":2,"featured_media":0,"parent":0,"menu_order":0,"comment_status":"closed","ping_status":"closed","template":"","meta":{"footnotes":""},"class_list":["post-164","page","type-page","status-publish","hentry"],"_links":{"self":[{"href":"https:\/\/nooddis.fr\/pt\/wp-json\/wp\/v2\/pages\/164","targetHints":{"allow":["GET"]}}],"collection":[{"href":"https:\/\/nooddis.fr\/pt\/wp-json\/wp\/v2\/pages"}],"about":[{"href":"https:\/\/nooddis.fr\/pt\/wp-json\/wp\/v2\/types\/page"}],"author":[{"embeddable":true,"href":"https:\/\/nooddis.fr\/pt\/wp-json\/wp\/v2\/users\/2"}],"replies":[{"embeddable":true,"href":"https:\/\/nooddis.fr\/pt\/wp-json\/wp\/v2\/comments?post=164"}],"version-history":[{"count":14,"href":"https:\/\/nooddis.fr\/pt\/wp-json\/wp\/v2\/pages\/164\/revisions"}],"predecessor-version":[{"id":3454,"href":"https:\/\/nooddis.fr\/pt\/wp-json\/wp\/v2\/pages\/164\/revisions\/3454"}],"wp:attachment":[{"href":"https:\/\/nooddis.fr\/pt\/wp-json\/wp\/v2\/media?parent=164"}],"curies":[{"name":"wp","href":"https:\/\/api.w.org\/{rel}","templated":true}]}}