{"id":164,"date":"2021-08-26T16:36:30","date_gmt":"2021-08-26T14:36:30","guid":{"rendered":"https:\/\/nooddis.fr\/?page_id=164"},"modified":"2023-01-04T16:58:00","modified_gmt":"2023-01-04T15:58:00","slug":"riservatezza","status":"publish","type":"page","link":"https:\/\/nooddis.fr\/it\/riservatezza\/","title":{"rendered":"Riservatezza"},"content":{"rendered":"<div data-elementor-type=\"wp-page\" data-elementor-id=\"164\" class=\"elementor elementor-164\" data-elementor-post-type=\"page\">\n\t\t\t\t\t\t<section class=\"elementor-section elementor-top-section elementor-element elementor-element-0329ff7 elementor-section-boxed elementor-section-height-default elementor-section-height-default\" data-id=\"0329ff7\" data-element_type=\"section\" data-e-type=\"section\">\n\t\t\t\t\t\t<div class=\"elementor-container elementor-column-gap-default\">\n\t\t\t\t\t<div class=\"elementor-column elementor-col-100 elementor-top-column elementor-element elementor-element-e6daa79\" data-id=\"e6daa79\" data-element_type=\"column\" data-e-type=\"column\">\n\t\t\t<div class=\"elementor-widget-wrap elementor-element-populated\">\n\t\t\t\t\t\t<div class=\"elementor-element elementor-element-54727b6 elementor-widget elementor-widget-text-editor\" data-id=\"54727b6\" data-element_type=\"widget\" data-e-type=\"widget\" data-widget_type=\"text-editor.default\">\n\t\t\t\t<div class=\"elementor-widget-container\">\n\t\t\t\t\t\t\t\t\t<h2>Raccolta di informazioni personali<\/h2>\n<p>Raccogliamo le seguenti informazioni:&nbsp;<\/p>\n<ul>\n<li>Nome<\/li>\n<li>Indirizzo postale<\/li>\n<li>Indirizzo e-mail<\/li>\n<li>Numero di telefono&nbsp;<\/li>\n<\/ul>\n<p>Le informazioni personali che raccogliamo sono raccolte attraverso i moduli e l'interattivit\u00e0 che si stabilisce tra l'utente e il nostro sito web. Come indicato nella sezione seguente, utilizziamo anche cookie e\/o file di log per raccogliere informazioni sull'utente.<\/p>\n<h2>Forme e interattivit\u00e0:<\/h2>\n<p>I vostri dati personali vengono raccolti tramite un modulo.&nbsp;<span style=\"color: var( --e-global-color-text ); font-family: var( --e-global-typography-text-font-family ), Sans-serif; font-size: var( --e-global-typography-text-font-size ); font-style: var( --e-global-typography-text-font-style ); font-weight: var( --e-global-typography-text-font-weight ); text-transform: var( --e-global-typography-text-text-transform );\">Utilizziamo le informazioni raccolte per i seguenti scopi:<\/span><\/p>\n<ul>\n<li>Contatto<\/li>\n<li>Informazioni sul prodotto<\/li>\n<li>Notizie<\/li>\n<\/ul>\n<p><span style=\"color: var( --e-global-color-primary ); font-family: var( --e-global-typography-secondary-font-family ), Sans-serif; font-size: var( --e-global-typography-secondary-font-size ); font-style: var( --e-global-typography-secondary-font-style ); font-weight: var( --e-global-typography-secondary-font-weight ); text-transform: var( --e-global-typography-secondary-text-transform );\"><br><\/span><\/p>\n<p><span style=\"color: var( --e-global-color-primary ); font-family: var( --e-global-typography-secondary-font-family ), Sans-serif; font-size: var( --e-global-typography-secondary-font-size ); font-style: var( --e-global-typography-secondary-font-style ); font-weight: var( --e-global-typography-secondary-font-weight ); text-transform: var( --e-global-typography-secondary-text-transform );\">Biscotti<\/span><br><\/p>\n<h3>Che cos'\u00e8 un biscotto?<\/h3>\n<p>I cookie sono piccoli file di testo che vengono installati sul vostro computer o dispositivo quando visitate i nostri siti web.<\/p>\n<h3>Scopo dei cookie<\/h3>\n<p>Utilizziamo i cookie per rendere pi\u00f9 efficienti le vostre visite ai nostri siti. I cookie ci consentono inoltre di migliorare la navigazione sui nostri siti e di comprendere il vostro comportamento.<\/p>\n<h3>Il nostro utilizzo dei cookie<\/h3>\n<p>Utilizziamo i cookie per :<\/p>\n<p>- Memorizzare le vostre preferenze di navigazione, come la lingua, la dimensione dei caratteri, il layout della pagina o i colori preferiti. Tutto questo per consentirvi di navigare nel nostro sito in modo pi\u00f9 rapido e semplice.<\/p>\n<p>- Raccogliere informazioni analitiche per, ad esempio, contare il numero di visitatori dei nostri siti web e identificare le pagine dei nostri siti visitate pi\u00f9 spesso. Utilizziamo i dati analitici raccolti per scopi di marketing e di pianificazione delle risorse.<\/p>\n<p><span style=\"color: var( --e-global-color-accent ); font-family: Righteous, sans-serif; font-size: 20px; text-transform: uppercase;\"><br><\/span><\/p>\n<p><span style=\"color: var( --e-global-color-accent ); font-family: Righteous, sans-serif; font-size: 20px; text-transform: uppercase;\">Informazioni raccolte attraverso i cookie<\/span><br><\/p>\n<p>I cookie ci aiutano a raccogliere informazioni sulle modalit\u00e0 di utilizzo del nostro sito web, ma non memorizzano alcuna informazione di identificazione personale dell'utente nei dati dei cookie. Registriamo solo un identificatore di sessione unico che ci aiuter\u00e0 a recuperare il profilo dell'utente e le sue preferenze alla visita successiva.<\/p>\n<h3><span style=\"color: var( --e-global-color-accent );\">Tipi di cookie<\/span><br><\/h3>\n<p>- Cookie di sessione: i cookie di questo tipo vengono memorizzati temporaneamente sul computer o sul dispositivo dell'utente durante una sessione di navigazione. Vengono cancellati dal computer o dal dispositivo al termine della sessione di navigazione.<\/p>\n<p>- Cookie permanenti: i cookie di questo tipo rimangono sul vostro computer per un periodo pi\u00f9 lungo. I cookie permanenti ci aiutano a riconoscervi quando abbiamo bisogno di sapere chi siete per pi\u00f9 di una sessione di navigazione.<\/p>\n<h3>Gestione dei cookie<\/h3>\n<p>Il menu della maggior parte dei browser include opzioni che consentono di gestire i cookie regolando o configurando le impostazioni dei cookie. In genere, il browser offre la possibilit\u00e0 :<\/p>\n<p>- visualizzare i vostri cookie;<\/p>\n<p>- consentire i cookie;<\/p>\n<p>- disattivare tutti i cookie o solo quelli specifici;<\/p>\n<p>- disattivare tutti i cookie alla chiusura del browser;<\/p>\n<p>- bloccare i cookie;<\/p>\n<p>- per essere informati quando si riceve un cookie.<\/p>\n<p>Si prega di notare che se si sceglie di bloccare i nostri cookie, la maggior parte delle funzionalit\u00e0 di questo sito saranno disabilitate e anche la navigazione potrebbe risentirne. Se configurate le opzioni del vostro browser in modo da eliminare tutti i cookie, le vostre preferenze di navigazione saranno cancellate alla chiusura del browser.<\/p>\n<p>A meno che non abbiate impostato i parametri del vostro browser in modo da rifiutare i cookie, il nostro sistema li emetter\u00e0 non appena visiterete uno dei nostri siti.<\/p>\n<h3>Ulteriori informazioni sui cookie<\/h3>\n<p>Per saperne di pi\u00f9 sui cookie, consultare la pagina della CNIL:<\/p>\n<p><a href=\"https:\/\/www.cnil.fr\/vos-libertes\/vos-traces\/les-cookies\/\" rel=\"nofollow noopener\" target=\"_blank\">https:\/\/www.cnil.fr\/vos-libertes\/vos-traces\/les-cookies\/<\/a><\/p>\n<h2>Diritto di opposizione e di recesso<\/h2>\n<p>Ci impegniamo a offrire all'utente il diritto di opporsi e di ritirare i propri dati personali.<br>Per diritto di opposizione si intende la possibilit\u00e0 offerta agli utenti di Internet di rifiutare l'utilizzo dei propri dati personali per determinati scopi indicati al momento della raccolta.<\/p>\n<p>Per diritto di recesso si intende la possibilit\u00e0 offerta agli utenti di Internet di richiedere che i propri dati personali non compaiano pi\u00f9, ad esempio, in una mailing list.<\/p>\n<p>Per esercitare questi diritti, scriveteci all'indirizzo:<\/p>\n<p>NOODDIS<\/p>\n<p><\/p>\n<p>ZAC des Malettes<\/p>\n<p>574 Rue du Chat Bott\u00e9<\/p>\n<p>01700 Beynost<\/p>\n<p><\/p>\n<p><span style=\"color: var( --e-global-color-primary ); font-family: var( --e-global-typography-secondary-font-family ), Sans-serif; font-size: var( --e-global-typography-secondary-font-size ); font-style: var( --e-global-typography-secondary-font-style ); font-weight: var( --e-global-typography-secondary-font-weight ); text-transform: var( --e-global-typography-secondary-text-transform );\"><br><\/span><\/p>\n<p><span style=\"color: var( --e-global-color-primary ); font-family: var( --e-global-typography-secondary-font-family ), Sans-serif; font-size: var( --e-global-typography-secondary-font-size ); font-style: var( --e-global-typography-secondary-font-style ); font-weight: var( --e-global-typography-secondary-font-weight ); text-transform: var( --e-global-typography-secondary-text-transform );\">Diritto di accesso<\/span><br><\/p>\n<p>Ci impegniamo a concedere un diritto di accesso e di rettifica alle persone interessate che desiderano consultare, modificare o cancellare le informazioni che le riguardano.<br>Per esercitare questo diritto, si prega di contattare :<\/p>\n<p>NOODDIS<\/p>\n<p>ZAC des Malettes<\/p>\n<p>574 Rue du Chat Bott\u00e9<\/p>\n<p>01700 Beynost<\/p>\n<p><\/p>\n<p><span style=\"color: var( --e-global-color-primary ); font-family: var( --e-global-typography-secondary-font-family ), Sans-serif; font-size: var( --e-global-typography-secondary-font-size ); font-style: var( --e-global-typography-secondary-font-style ); font-weight: var( --e-global-typography-secondary-font-weight ); text-transform: var( --e-global-typography-secondary-text-transform );\"><br><\/span><\/p>\n<p><span style=\"color: var( --e-global-color-primary ); font-family: var( --e-global-typography-secondary-font-family ), Sans-serif; font-size: var( --e-global-typography-secondary-font-size ); font-style: var( --e-global-typography-secondary-font-style ); font-weight: var( --e-global-typography-secondary-font-weight ); text-transform: var( --e-global-typography-secondary-text-transform );\">Sicurezza<\/span><br><\/p>\n<p>Le informazioni personali raccolte sono conservate in un ambiente sicuro. Le persone che lavorano per noi sono tenute a rispettare la riservatezza dei vostri dati.<br>Per garantire la sicurezza dei vostri dati personali, utilizziamo le seguenti misure:<\/p>\n<ul>\n<li>Protocollo SSL (Secure Sockets Layer)<\/li>\n<li>Gestione degli accessi - persona autorizzata<\/li>\n<li><span style=\"background-color: transparent; color: var( --e-global-color-text ); font-family: var( --e-global-typography-text-font-family ), Sans-serif; font-style: var( --e-global-typography-text-font-style ); font-weight: var( --e-global-typography-text-font-weight ); text-transform: var( --e-global-typography-text-text-transform );\">Backup del computer<\/span><br><\/li>\n<li>Nome utente \/ password<\/li>\n<li>Firewall<\/li>\n<\/ul>\n<p>Ci impegniamo a mantenere un elevato livello di riservatezza incorporando le pi\u00f9 recenti innovazioni tecnologiche per garantire la riservatezza delle vostre transazioni. Tuttavia, poich\u00e9 nessun meccanismo offre la massima sicurezza, esiste sempre un elemento di rischio quando si utilizza Internet per trasmettere informazioni personali.<\/p>\t\t\t\t\t\t\t\t<\/div>\n\t\t\t\t<\/div>\n\t\t\t\t\t<\/div>\n\t\t<\/div>\n\t\t\t\t\t<\/div>\n\t\t<\/section>\n\t\t\t\t<\/div>","protected":false},"excerpt":{"rendered":"<p><a class='excerpt-link' href='https:\/\/nooddis.fr\/it\/riservatezza\/' >Collecte des renseignements personnels Nous collectons les renseignements suivants :&nbsp; Nom Adresse postale Adresse \u00e9lectronique Num\u00e9ro de t\u00e9l\u00e9phone&nbsp; Les renseignements personnels que nous collectons sont recueillis au travers de formulaires et gr\u00e2ce \u00e0 l\u2019interactivit\u00e9 \u00e9tablie entre vous et notre site Web. Nous utilisons \u00e9galement, comme indiqu\u00e9 dans la section suivante, des fichiers t\u00e9moins et\/ou journaux [&hellip;]<\/a><\/p>\n","protected":false},"author":2,"featured_media":0,"parent":0,"menu_order":0,"comment_status":"closed","ping_status":"closed","template":"","meta":{"footnotes":""},"class_list":["post-164","page","type-page","status-publish","hentry"],"_links":{"self":[{"href":"https:\/\/nooddis.fr\/it\/wp-json\/wp\/v2\/pages\/164","targetHints":{"allow":["GET"]}}],"collection":[{"href":"https:\/\/nooddis.fr\/it\/wp-json\/wp\/v2\/pages"}],"about":[{"href":"https:\/\/nooddis.fr\/it\/wp-json\/wp\/v2\/types\/page"}],"author":[{"embeddable":true,"href":"https:\/\/nooddis.fr\/it\/wp-json\/wp\/v2\/users\/2"}],"replies":[{"embeddable":true,"href":"https:\/\/nooddis.fr\/it\/wp-json\/wp\/v2\/comments?post=164"}],"version-history":[{"count":14,"href":"https:\/\/nooddis.fr\/it\/wp-json\/wp\/v2\/pages\/164\/revisions"}],"predecessor-version":[{"id":3454,"href":"https:\/\/nooddis.fr\/it\/wp-json\/wp\/v2\/pages\/164\/revisions\/3454"}],"wp:attachment":[{"href":"https:\/\/nooddis.fr\/it\/wp-json\/wp\/v2\/media?parent=164"}],"curies":[{"name":"wp","href":"https:\/\/api.w.org\/{rel}","templated":true}]}}