{"id":164,"date":"2021-08-26T16:36:30","date_gmt":"2021-08-26T14:36:30","guid":{"rendered":"https:\/\/nooddis.fr\/?page_id=164"},"modified":"2023-01-04T16:58:00","modified_gmt":"2023-01-04T15:58:00","slug":"confidencialidad","status":"publish","type":"page","link":"https:\/\/nooddis.fr\/es\/confidencialidad\/","title":{"rendered":"Confidencialidad"},"content":{"rendered":"<div data-elementor-type=\"wp-page\" data-elementor-id=\"164\" class=\"elementor elementor-164\" data-elementor-post-type=\"page\">\n\t\t\t\t\t\t<section class=\"elementor-section elementor-top-section elementor-element elementor-element-0329ff7 elementor-section-boxed elementor-section-height-default elementor-section-height-default\" data-id=\"0329ff7\" data-element_type=\"section\" data-e-type=\"section\">\n\t\t\t\t\t\t<div class=\"elementor-container elementor-column-gap-default\">\n\t\t\t\t\t<div class=\"elementor-column elementor-col-100 elementor-top-column elementor-element elementor-element-e6daa79\" data-id=\"e6daa79\" data-element_type=\"column\" data-e-type=\"column\">\n\t\t\t<div class=\"elementor-widget-wrap elementor-element-populated\">\n\t\t\t\t\t\t<div class=\"elementor-element elementor-element-54727b6 elementor-widget elementor-widget-text-editor\" data-id=\"54727b6\" data-element_type=\"widget\" data-e-type=\"widget\" data-widget_type=\"text-editor.default\">\n\t\t\t\t<div class=\"elementor-widget-container\">\n\t\t\t\t\t\t\t\t\t<h2>Recogida de datos personales<\/h2>\n<p>Recogemos la siguiente informaci\u00f3n:&nbsp;<\/p>\n<ul>\n<li>Nombre<\/li>\n<li>Direcci\u00f3n postal<\/li>\n<li>Correo electr\u00f3nico<\/li>\n<li>N\u00famero de tel\u00e9fono&nbsp;<\/li>\n<\/ul>\n<p>La informaci\u00f3n personal que recopilamos se recoge a trav\u00e9s de formularios y mediante la interactividad que se establece entre usted y nuestro sitio web. Como se indica en la secci\u00f3n siguiente, tambi\u00e9n utilizamos cookies y\/o archivos de registro para recopilar informaci\u00f3n sobre usted.<\/p>\n<h2>Formas e interactividad:<\/h2>\n<p>Sus datos personales se recogen a trav\u00e9s de un formulario.&nbsp;<span style=\"color: var( --e-global-color-text ); font-family: var( --e-global-typography-text-font-family ), Sans-serif; font-size: var( --e-global-typography-text-font-size ); font-style: var( --e-global-typography-text-font-style ); font-weight: var( --e-global-typography-text-font-weight ); text-transform: var( --e-global-typography-text-text-transform );\">Utilizamos la informaci\u00f3n recopilada para los siguientes fines:<\/span><\/p>\n<ul>\n<li>P\u00f3ngase en contacto con<\/li>\n<li>Informaci\u00f3n sobre el producto<\/li>\n<li>Noticias<\/li>\n<\/ul>\n<p><span style=\"color: var( --e-global-color-primary ); font-family: var( --e-global-typography-secondary-font-family ), Sans-serif; font-size: var( --e-global-typography-secondary-font-size ); font-style: var( --e-global-typography-secondary-font-style ); font-weight: var( --e-global-typography-secondary-font-weight ); text-transform: var( --e-global-typography-secondary-text-transform );\"><br><\/span><\/p>\n<p><span style=\"color: var( --e-global-color-primary ); font-family: var( --e-global-typography-secondary-font-family ), Sans-serif; font-size: var( --e-global-typography-secondary-font-size ); font-style: var( --e-global-typography-secondary-font-style ); font-weight: var( --e-global-typography-secondary-font-weight ); text-transform: var( --e-global-typography-secondary-text-transform );\">Cookies<\/span><br><\/p>\n<h3>\u00bfQu\u00e9 es una galleta?<\/h3>\n<p>Las cookies son peque\u00f1os archivos de texto que se instalan en su ordenador o dispositivo cuando visita nuestros sitios web.<\/p>\n<h3>Finalidad de las cookies<\/h3>\n<p>Utilizamos cookies para que sus visitas a nuestros sitios sean m\u00e1s eficientes. Las cookies tambi\u00e9n nos permiten mejorar la navegaci\u00f3n en nuestros sitios y comprender su comportamiento.<\/p>\n<h3>Nuestro uso de cookies<\/h3>\n<p>Utilizamos cookies para :<\/p>\n<p>- Memorizar sus preferencias de navegaci\u00f3n, como el idioma, el tama\u00f1o de letra, el dise\u00f1o de p\u00e1gina o los colores preferidos. Todo ello para que puedas navegar por nuestro sitio de forma m\u00e1s r\u00e1pida y sencilla.<\/p>\n<p>- Recopilar informaci\u00f3n anal\u00edtica para, por ejemplo, contar el n\u00famero de visitantes a nuestros sitios web e identificar las p\u00e1ginas de nuestros sitios que usted visita con m\u00e1s frecuencia. Utilizamos los datos anal\u00edticos que recopilamos con fines de marketing y planificaci\u00f3n de recursos.<\/p>\n<p><span style=\"color: var( --e-global-color-accent ); font-family: Righteous, sans-serif; font-size: 20px; text-transform: uppercase;\"><br><\/span><\/p>\n<p><span style=\"color: var( --e-global-color-accent ); font-family: Righteous, sans-serif; font-size: 20px; text-transform: uppercase;\">Informaci\u00f3n recogida a trav\u00e9s de cookies<\/span><br><\/p>\n<p>Las cookies nos ayudan a recopilar informaci\u00f3n sobre c\u00f3mo utiliza nuestro sitio web, pero no almacenamos ninguna informaci\u00f3n personal identificable sobre usted en nuestros datos de cookies. Solo registramos un identificador de sesi\u00f3n \u00fanico que nos ayudar\u00e1 a recuperar un perfil de usuario y sus preferencias la pr\u00f3xima vez que nos visite.<\/p>\n<h3><span style=\"color: var( --e-global-color-accent );\">Tipos de cookies<\/span><br><\/h3>\n<p>- Cookies de sesi\u00f3n: las cookies de este tipo se almacenan temporalmente en su ordenador o dispositivo durante una sesi\u00f3n de navegaci\u00f3n. Se eliminan de su ordenador o dispositivo al final de la sesi\u00f3n de navegaci\u00f3n.<\/p>\n<p>- Cookies permanentes: las cookies de este tipo permanecen en su ordenador durante m\u00e1s tiempo. Las cookies permanentes nos ayudan a reconocerle cuando necesitamos saber qui\u00e9n es durante m\u00e1s de una sesi\u00f3n de navegaci\u00f3n.<\/p>\n<h3>Gesti\u00f3n de cookies<\/h3>\n<p>El men\u00fa de la mayor\u00eda de los navegadores incluye opciones que le permiten gestionar sus cookies ajustando o configurando sus par\u00e1metros. Generalmente, el navegador le ofrece la posibilidad :<\/p>\n<p>- mostrar sus cookies;<\/p>\n<p>- permitir cookies;<\/p>\n<p>- desactivar todas las cookies, o s\u00f3lo cookies espec\u00edficas;<\/p>\n<p>- desactivar todas las cookies al cerrar el navegador;<\/p>\n<p>- bloquear cookies;<\/p>\n<p>- para ser informado cuando reciba una cookie.<\/p>\n<p>Tenga en cuenta que si decide bloquear nuestras cookies, la mayor parte de la funcionalidad de este sitio quedar\u00e1 inhabilitada y su navegaci\u00f3n tambi\u00e9n puede verse afectada. Si configura las opciones de su navegador para eliminar todas las cookies, sus preferencias de navegaci\u00f3n se borrar\u00e1n cuando cierre el navegador.<\/p>\n<p>Tenga en cuenta que, a menos que haya configurado los par\u00e1metros de su navegador para rechazar las cookies, nuestro sistema emitir\u00e1 cookies en cuanto visite uno de nuestros sitios.<\/p>\n<h3>M\u00e1s informaci\u00f3n sobre las cookies<\/h3>\n<p>Para saber m\u00e1s sobre las cookies, consulte la p\u00e1gina de la CNIL:<\/p>\n<p><a href=\"https:\/\/www.cnil.fr\/vos-libertes\/vos-traces\/les-cookies\/\" rel=\"nofollow noopener\" target=\"_blank\">https:\/\/www.cnil.fr\/vos-libertes\/vos-traces\/les-cookies\/<\/a><\/p>\n<h2>Derecho de oposici\u00f3n y retirada<\/h2>\n<p>Nos comprometemos a ofrecerle el derecho a oponerse y retirar su informaci\u00f3n personal.<br>Se entiende por derecho de oposici\u00f3n la posibilidad que se ofrece a los internautas de negarse a que sus datos personales se utilicen para determinados fines mencionados en el momento de la recogida.<\/p>\n<p>Se entiende por derecho de retractaci\u00f3n la posibilidad que se ofrece a los internautas de solicitar que sus datos personales dejen de figurar, por ejemplo, en una lista de correo.<\/p>\n<p>Para ejercer estos derechos, escr\u00edbanos a<\/p>\n<p>NOODDIS<\/p>\n<p><\/p>\n<p>ZAC des Malettes<\/p>\n<p>574 Rue du Chat Bott\u00e9<\/p>\n<p>01700 Beynost<\/p>\n<p><\/p>\n<p><span style=\"color: var( --e-global-color-primary ); font-family: var( --e-global-typography-secondary-font-family ), Sans-serif; font-size: var( --e-global-typography-secondary-font-size ); font-style: var( --e-global-typography-secondary-font-style ); font-weight: var( --e-global-typography-secondary-font-weight ); text-transform: var( --e-global-typography-secondary-text-transform );\"><br><\/span><\/p>\n<p><span style=\"color: var( --e-global-color-primary ); font-family: var( --e-global-typography-secondary-font-family ), Sans-serif; font-size: var( --e-global-typography-secondary-font-size ); font-style: var( --e-global-typography-secondary-font-style ); font-weight: var( --e-global-typography-secondary-font-weight ); text-transform: var( --e-global-typography-secondary-text-transform );\">Derecho de acceso<\/span><br><\/p>\n<p>Nos comprometemos a conceder un derecho de acceso y rectificaci\u00f3n a las personas interesadas que deseen consultar, modificar o suprimir la informaci\u00f3n que les concierne.<br>Para ejercer este derecho, p\u00f3ngase en contacto con :<\/p>\n<p>NOODDIS<\/p>\n<p>ZAC des Malettes<\/p>\n<p>574 Rue du Chat Bott\u00e9<\/p>\n<p>01700 Beynost<\/p>\n<p><\/p>\n<p><span style=\"color: var( --e-global-color-primary ); font-family: var( --e-global-typography-secondary-font-family ), Sans-serif; font-size: var( --e-global-typography-secondary-font-size ); font-style: var( --e-global-typography-secondary-font-style ); font-weight: var( --e-global-typography-secondary-font-weight ); text-transform: var( --e-global-typography-secondary-text-transform );\"><br><\/span><\/p>\n<p><span style=\"color: var( --e-global-color-primary ); font-family: var( --e-global-typography-secondary-font-family ), Sans-serif; font-size: var( --e-global-typography-secondary-font-size ); font-style: var( --e-global-typography-secondary-font-style ); font-weight: var( --e-global-typography-secondary-font-weight ); text-transform: var( --e-global-typography-secondary-text-transform );\">Seguridad<\/span><br><\/p>\n<p>La informaci\u00f3n personal que recopilamos se guarda en un entorno seguro. Las personas que trabajan para nosotros est\u00e1n obligadas a respetar la confidencialidad de sus datos.<br>Para garantizar la seguridad de su informaci\u00f3n personal, utilizamos las siguientes medidas:<\/p>\n<ul>\n<li>Protocolo SSL (Secure Sockets Layer)<\/li>\n<li>Gesti\u00f3n de acceso - persona autorizada<\/li>\n<li><span style=\"background-color: transparent; color: var( --e-global-color-text ); font-family: var( --e-global-typography-text-font-family ), Sans-serif; font-style: var( --e-global-typography-text-font-style ); font-weight: var( --e-global-typography-text-font-weight ); text-transform: var( --e-global-typography-text-text-transform );\">Copia de seguridad inform\u00e1tica<\/span><br><\/li>\n<li>Nombre de usuario \/ contrase\u00f1a<\/li>\n<li>Cortafuegos<\/li>\n<\/ul>\n<p>Nos comprometemos a mantener un alto nivel de confidencialidad incorporando las \u00faltimas innovaciones tecnol\u00f3gicas para garantizar la confidencialidad de sus transacciones. Sin embargo, como ning\u00fan mecanismo ofrece la m\u00e1xima seguridad, siempre existe un elemento de riesgo cuando se utiliza Internet para transmitir informaci\u00f3n personal.<\/p>\t\t\t\t\t\t\t\t<\/div>\n\t\t\t\t<\/div>\n\t\t\t\t\t<\/div>\n\t\t<\/div>\n\t\t\t\t\t<\/div>\n\t\t<\/section>\n\t\t\t\t<\/div>","protected":false},"excerpt":{"rendered":"<p><a class='excerpt-link' href='https:\/\/nooddis.fr\/es\/confidencialidad\/' >Collecte des renseignements personnels Nous collectons les renseignements suivants :&nbsp; Nom Adresse postale Adresse \u00e9lectronique Num\u00e9ro de t\u00e9l\u00e9phone&nbsp; Les renseignements personnels que nous collectons sont recueillis au travers de formulaires et gr\u00e2ce \u00e0 l\u2019interactivit\u00e9 \u00e9tablie entre vous et notre site Web. Nous utilisons \u00e9galement, comme indiqu\u00e9 dans la section suivante, des fichiers t\u00e9moins et\/ou journaux [&hellip;]<\/a><\/p>\n","protected":false},"author":2,"featured_media":0,"parent":0,"menu_order":0,"comment_status":"closed","ping_status":"closed","template":"","meta":{"footnotes":""},"class_list":["post-164","page","type-page","status-publish","hentry"],"_links":{"self":[{"href":"https:\/\/nooddis.fr\/es\/wp-json\/wp\/v2\/pages\/164","targetHints":{"allow":["GET"]}}],"collection":[{"href":"https:\/\/nooddis.fr\/es\/wp-json\/wp\/v2\/pages"}],"about":[{"href":"https:\/\/nooddis.fr\/es\/wp-json\/wp\/v2\/types\/page"}],"author":[{"embeddable":true,"href":"https:\/\/nooddis.fr\/es\/wp-json\/wp\/v2\/users\/2"}],"replies":[{"embeddable":true,"href":"https:\/\/nooddis.fr\/es\/wp-json\/wp\/v2\/comments?post=164"}],"version-history":[{"count":14,"href":"https:\/\/nooddis.fr\/es\/wp-json\/wp\/v2\/pages\/164\/revisions"}],"predecessor-version":[{"id":3454,"href":"https:\/\/nooddis.fr\/es\/wp-json\/wp\/v2\/pages\/164\/revisions\/3454"}],"wp:attachment":[{"href":"https:\/\/nooddis.fr\/es\/wp-json\/wp\/v2\/media?parent=164"}],"curies":[{"name":"wp","href":"https:\/\/api.w.org\/{rel}","templated":true}]}}