{"id":164,"date":"2021-08-26T16:36:30","date_gmt":"2021-08-26T14:36:30","guid":{"rendered":"https:\/\/nooddis.fr\/?page_id=164"},"modified":"2023-01-04T16:58:00","modified_gmt":"2023-01-04T15:58:00","slug":"vertraulichkeit","status":"publish","type":"page","link":"https:\/\/nooddis.fr\/de\/vertraulichkeit\/","title":{"rendered":"Datenschutz"},"content":{"rendered":"<div data-elementor-type=\"wp-page\" data-elementor-id=\"164\" class=\"elementor elementor-164\" data-elementor-post-type=\"page\">\n\t\t\t\t\t\t<section class=\"elementor-section elementor-top-section elementor-element elementor-element-0329ff7 elementor-section-boxed elementor-section-height-default elementor-section-height-default\" data-id=\"0329ff7\" data-element_type=\"section\" data-e-type=\"section\">\n\t\t\t\t\t\t<div class=\"elementor-container elementor-column-gap-default\">\n\t\t\t\t\t<div class=\"elementor-column elementor-col-100 elementor-top-column elementor-element elementor-element-e6daa79\" data-id=\"e6daa79\" data-element_type=\"column\" data-e-type=\"column\">\n\t\t\t<div class=\"elementor-widget-wrap elementor-element-populated\">\n\t\t\t\t\t\t<div class=\"elementor-element elementor-element-54727b6 elementor-widget elementor-widget-text-editor\" data-id=\"54727b6\" data-element_type=\"widget\" data-e-type=\"widget\" data-widget_type=\"text-editor.default\">\n\t\t\t\t<div class=\"elementor-widget-container\">\n\t\t\t\t\t\t\t\t\t<h2>Erhebung von pers\u00f6nlichen Informationen<\/h2>\n<p>Wir sammeln die folgenden Informationen:&nbsp;<\/p>\n<ul>\n<li>Name<\/li>\n<li>Postanschrift<\/li>\n<li>E-Mail-Adresse<\/li>\n<li>Telefonnummer&nbsp;<\/li>\n<\/ul>\n<p>Die von uns gesammelten pers\u00f6nlichen Informationen werden \u00fcber Formulare und durch die Interaktivit\u00e4t zwischen Ihnen und unserer Website erfasst. Wie im n\u00e4chsten Abschnitt beschrieben, verwenden wir au\u00dferdem Cookies und\/oder Protokolldateien, um Informationen \u00fcber Sie zu sammeln.<\/p>\n<h2>Formulare und Interaktivit\u00e4t:<\/h2>\n<p>Ihre pers\u00f6nlichen Informationen werden mithilfe eines Formulars gesammelt.&nbsp;<span style=\"color: var( --e-global-color-text ); font-family: var( --e-global-typography-text-font-family ), Sans-serif; font-size: var( --e-global-typography-text-font-size ); font-style: var( --e-global-typography-text-font-style ); font-weight: var( --e-global-typography-text-font-weight ); text-transform: var( --e-global-typography-text-text-transform );\">Wir verwenden die so gesammelten Informationen f\u00fcr die folgenden Zwecke:<\/span><\/p>\n<ul>\n<li>Kontakt<\/li>\n<li>Produktinformationen<\/li>\n<li>Nachrichten<\/li>\n<\/ul>\n<p><span style=\"color: var( --e-global-color-primary ); font-family: var( --e-global-typography-secondary-font-family ), Sans-serif; font-size: var( --e-global-typography-secondary-font-size ); font-style: var( --e-global-typography-secondary-font-style ); font-weight: var( --e-global-typography-secondary-font-weight ); text-transform: var( --e-global-typography-secondary-text-transform );\"><br><\/span><\/p>\n<p><span style=\"color: var( --e-global-color-primary ); font-family: var( --e-global-typography-secondary-font-family ), Sans-serif; font-size: var( --e-global-typography-secondary-font-size ); font-style: var( --e-global-typography-secondary-font-style ); font-weight: var( --e-global-typography-secondary-font-weight ); text-transform: var( --e-global-typography-secondary-text-transform );\">Cookies<\/span><br><\/p>\n<h3>Was ist ein Cookie?<\/h3>\n<p>Cookies sind kleine Textdateien, die auf Ihrem Computer oder Ger\u00e4t installiert werden, wenn Sie unsere Webseiten besuchen.<\/p>\n<h3>Zweck der Cookies<\/h3>\n<p>Wir verwenden Cookies, um Ihre Besuche auf unseren Websites effizienter zu gestalten. Cookies erm\u00f6glichen es uns au\u00dferdem, die Navigation auf unseren Seiten zu verbessern und Ihr Verhalten zu verstehen.<\/p>\n<h3>Unsere Verwendung von Cookies<\/h3>\n<p>Wir verwenden Cookies, um :<\/p>\n<p>- Ihre Surfpr\u00e4ferenzen wie Sprache, Schriftgr\u00f6\u00dfe, Seitenlayout oder bevorzugte Farben zu speichern. All dies dient dazu, dass Sie unsere Website schneller und einfacher durchsuchen k\u00f6nnen.<\/p>\n<p>- Sammeln von Analysedaten, um z. B. die Anzahl der Besucher unserer Websites zu z\u00e4hlen und die Seiten unserer Websites zu ermitteln, die Sie am h\u00e4ufigsten besuchen. Wir verwenden die von uns gesammelten Analysedaten f\u00fcr Marketingzwecke und zur Ressourcenplanung.<\/p>\n<p><span style=\"color: var( --e-global-color-accent ); font-family: Righteous, sans-serif; font-size: 20px; text-transform: uppercase;\"><br><\/span><\/p>\n<p><span style=\"color: var( --e-global-color-accent ); font-family: Righteous, sans-serif; font-size: 20px; text-transform: uppercase;\">Mithilfe von Cookies gesammelte Informationen<\/span><br><\/p>\n<p>Cookies helfen uns dabei, Informationen dar\u00fcber zu sammeln, wie Sie unsere Website nutzen, aber wir speichern keine pers\u00f6nlich identifizierbaren Informationen in den Daten unserer Cookies \u00fcber Sie. Wir speichern lediglich eine eindeutige Sitzungs-ID, die uns dabei hilft, bei Ihrem n\u00e4chsten Besuch ein Nutzerprofil sowie Ihre Pr\u00e4ferenzen abzurufen.<\/p>\n<h3><span style=\"color: var( --e-global-color-accent );\">Arten von Cookies<\/span><br><\/h3>\n<p>- Sitzungscookies: Cookies dieser Art werden w\u00e4hrend einer Browsersitzung vor\u00fcbergehend auf Ihrem Computer oder Ger\u00e4t gespeichert. Sie werden am Ende der Browsersitzung von Ihrem Computer oder Ger\u00e4t gel\u00f6scht.<\/p>\n<p>- Permanente Cookies: Cookies dieser Art verbleiben l\u00e4nger auf Ihrem Computer. Permanente Cookies helfen uns, Sie zu erkennen, wenn wir f\u00fcr mehr als eine Browsersitzung wissen m\u00fcssen, wer Sie sind.<\/p>\n<h3>Verwaltung von Cookies<\/h3>\n<p>Das Men\u00fc der meisten Browser enth\u00e4lt Optionen, mit denen Sie Ihre Cookies verwalten k\u00f6nnen, indem Sie Ihre Cookie-Einstellungen anpassen oder konfigurieren. In der Regel bietet Ihnen der Browser die M\u00f6glichkeit :<\/p>\n<p>- Ihre Cookies anzuzeigen ;<\/p>\n<p>- Cookies zuzulassen ;<\/p>\n<p>- alle Cookies oder nur bestimmte Cookies zu deaktivieren ;<\/p>\n<p>- alle Cookies zu deaktivieren, wenn Sie Ihren Browser schlie\u00dfen ;<\/p>\n<p>- Cookies zu blockieren ;<\/p>\n<p>- informiert zu werden, wenn Sie ein Cookie erhalten.<\/p>\n<p>Bitte beachten Sie, dass, wenn Sie sich daf\u00fcr entscheiden, unsere Cookies zu blockieren, die meisten Funktionen dieser Website deaktiviert werden und auch Ihre Navigation beeintr\u00e4chtigt werden kann. Wenn Sie die Optionen Ihres Browsers so einstellen, dass alle Cookies gel\u00f6scht werden, werden Ihre Browsereinstellungen beim Schlie\u00dfen Ihres Browsers gel\u00f6scht.<\/p>\n<p>Bitte beachten Sie, dass unser System Cookies ausstellt, sobald Sie eine unserer Websites besuchen, es sei denn, Sie haben Ihre Browser-Einstellungen so eingestellt, dass Cookies abgelehnt werden.<\/p>\n<h3>Weitere Informationen zu Cookies<\/h3>\n<p>Um mehr \u00fcber Cookies zu erfahren, empfehlen wir Ihnen, die Seite der CNIL :<\/p>\n<p><a href=\"https:\/\/www.cnil.fr\/vos-libertes\/vos-traces\/les-cookies\/\" rel=\"nofollow noopener\" target=\"_blank\">https:\/\/www.cnil.fr\/vos-libertes\/vos-traces\/les-cookies\/<\/a><\/p>\n<h2>Recht auf Widerspruch und R\u00fccknahme<\/h2>\n<p>Wir verpflichten uns, Ihnen ein Widerspruchs- und R\u00fccktrittsrecht in Bezug auf Ihre pers\u00f6nlichen Daten zu gew\u00e4hren.<br>Das Widerspruchsrecht versteht sich als die M\u00f6glichkeit f\u00fcr Internetnutzer, die Verwendung ihrer pers\u00f6nlichen Informationen zu bestimmten, bei der Erhebung genannten Zwecken abzulehnen.<\/p>\n<p>Unter dem Recht auf Entfernung versteht man die M\u00f6glichkeit von Internetnutzern, zu verlangen, dass ihre pers\u00f6nlichen Informationen z. B. nicht mehr in einer Mailingliste enthalten sind.<\/p>\n<p>Um diese Rechte aus\u00fcben zu k\u00f6nnen, k\u00f6nnen Sie uns schreiben an:<\/p>\n<p>NOODDIS<\/p>\n<p><\/p>\n<p>ZAC des Malettes<\/p>\n<p>574 Rue du Chat Bott\u00e9<\/p>\n<p>01700 Beynost<\/p>\n<p><\/p>\n<p><span style=\"color: var( --e-global-color-primary ); font-family: var( --e-global-typography-secondary-font-family ), Sans-serif; font-size: var( --e-global-typography-secondary-font-size ); font-style: var( --e-global-typography-secondary-font-style ); font-weight: var( --e-global-typography-secondary-font-weight ); text-transform: var( --e-global-typography-secondary-text-transform );\"><br><\/span><\/p>\n<p><span style=\"color: var( --e-global-color-primary ); font-family: var( --e-global-typography-secondary-font-family ), Sans-serif; font-size: var( --e-global-typography-secondary-font-size ); font-style: var( --e-global-typography-secondary-font-style ); font-weight: var( --e-global-typography-secondary-font-weight ); text-transform: var( --e-global-typography-secondary-text-transform );\">Recht auf Zugang<\/span><br><\/p>\n<p>Wir verpflichten uns, den betroffenen Personen, die die sie betreffenden Informationen einsehen, \u00e4ndern oder sogar l\u00f6schen m\u00f6chten, das Recht auf Zugang und Berichtigung zuzugestehen.<br>Die Aus\u00fcbung dieses Rechts erfolgt nach Kontaktaufnahme mit :<\/p>\n<p>NOODDIS<\/p>\n<p>ZAC des Malettes<\/p>\n<p>574 Rue du Chat Bott\u00e9<\/p>\n<p>01700 Beynost<\/p>\n<p><\/p>\n<p><span style=\"color: var( --e-global-color-primary ); font-family: var( --e-global-typography-secondary-font-family ), Sans-serif; font-size: var( --e-global-typography-secondary-font-size ); font-style: var( --e-global-typography-secondary-font-style ); font-weight: var( --e-global-typography-secondary-font-weight ); text-transform: var( --e-global-typography-secondary-text-transform );\"><br><\/span><\/p>\n<p><span style=\"color: var( --e-global-color-primary ); font-family: var( --e-global-typography-secondary-font-family ), Sans-serif; font-size: var( --e-global-typography-secondary-font-size ); font-style: var( --e-global-typography-secondary-font-style ); font-weight: var( --e-global-typography-secondary-font-weight ); text-transform: var( --e-global-typography-secondary-text-transform );\">Sicherheit<\/span><br><\/p>\n<p>Die von uns gesammelten pers\u00f6nlichen Informationen werden in einer sicheren Umgebung aufbewahrt. Die Personen, die f\u00fcr uns arbeiten, sind verpflichtet, Ihre Informationen vertraulich zu behandeln.<br>Um die Sicherheit Ihrer pers\u00f6nlichen Informationen zu gew\u00e4hrleisten, setzen wir folgende Ma\u00dfnahmen ein:<\/p>\n<ul>\n<li>SSL-Protokoll (Secure Sockets Layer)<\/li>\n<li>Zugriffsverwaltung - autorisierte Person<\/li>\n<li><span style=\"background-color: transparent; color: var( --e-global-color-text ); font-family: var( --e-global-typography-text-font-family ), Sans-serif; font-style: var( --e-global-typography-text-font-style ); font-weight: var( --e-global-typography-text-font-weight ); text-transform: var( --e-global-typography-text-text-transform );\">Computer-Backup<\/span><br><\/li>\n<li>Benutzername\/Passwort<\/li>\n<li>Firewalls (Brandmauern)<\/li>\n<\/ul>\n<p>Wir verpflichten uns, einen hohen Grad an Vertraulichkeit zu wahren, indem wir die neuesten technologischen Innovationen integrieren, die die Vertraulichkeit Ihrer Transaktionen gew\u00e4hrleisten. Da jedoch kein Mechanismus maximale Sicherheit bietet, ist ein gewisses Risiko immer vorhanden, wenn man das Internet zur \u00dcbermittlung pers\u00f6nlicher Informationen nutzt.<\/p>\t\t\t\t\t\t\t\t<\/div>\n\t\t\t\t<\/div>\n\t\t\t\t\t<\/div>\n\t\t<\/div>\n\t\t\t\t\t<\/div>\n\t\t<\/section>\n\t\t\t\t<\/div>","protected":false},"excerpt":{"rendered":"<p><a class='excerpt-link' href='https:\/\/nooddis.fr\/de\/vertraulichkeit\/' >Collecte des renseignements personnels Nous collectons les renseignements suivants :&nbsp; Nom Adresse postale Adresse \u00e9lectronique Num\u00e9ro de t\u00e9l\u00e9phone&nbsp; Les renseignements personnels que nous collectons sont recueillis au travers de formulaires et gr\u00e2ce \u00e0 l\u2019interactivit\u00e9 \u00e9tablie entre vous et notre site Web. Nous utilisons \u00e9galement, comme indiqu\u00e9 dans la section suivante, des fichiers t\u00e9moins et\/ou journaux [&hellip;]<\/a><\/p>\n","protected":false},"author":2,"featured_media":0,"parent":0,"menu_order":0,"comment_status":"closed","ping_status":"closed","template":"","meta":{"footnotes":""},"class_list":["post-164","page","type-page","status-publish","hentry"],"_links":{"self":[{"href":"https:\/\/nooddis.fr\/de\/wp-json\/wp\/v2\/pages\/164","targetHints":{"allow":["GET"]}}],"collection":[{"href":"https:\/\/nooddis.fr\/de\/wp-json\/wp\/v2\/pages"}],"about":[{"href":"https:\/\/nooddis.fr\/de\/wp-json\/wp\/v2\/types\/page"}],"author":[{"embeddable":true,"href":"https:\/\/nooddis.fr\/de\/wp-json\/wp\/v2\/users\/2"}],"replies":[{"embeddable":true,"href":"https:\/\/nooddis.fr\/de\/wp-json\/wp\/v2\/comments?post=164"}],"version-history":[{"count":14,"href":"https:\/\/nooddis.fr\/de\/wp-json\/wp\/v2\/pages\/164\/revisions"}],"predecessor-version":[{"id":3454,"href":"https:\/\/nooddis.fr\/de\/wp-json\/wp\/v2\/pages\/164\/revisions\/3454"}],"wp:attachment":[{"href":"https:\/\/nooddis.fr\/de\/wp-json\/wp\/v2\/media?parent=164"}],"curies":[{"name":"wp","href":"https:\/\/api.w.org\/{rel}","templated":true}]}}